{"id":466,"date":"2016-07-23T10:45:10","date_gmt":"2016-07-23T08:45:10","guid":{"rendered":"http:\/\/reutlingen.ide-hosting.de\/caipi\/?page_id=466"},"modified":"2016-07-23T10:45:10","modified_gmt":"2016-07-23T08:45:10","slug":"partner","status":"publish","type":"page","link":"https:\/\/caipi-night.de\/?page_id=466","title":{"rendered":"PARTNER"},"content":{"rendered":"<p style=\"text-align: center;\"><strong>Wir danken unseren Partnern f\u00fcr die tolle Unterst\u00fctzung bei unserer Veranstaltung<\/strong><\/p>\n<p style=\"text-align: center;\"><strong>und freuen uns auf eine weitere Zusammenarbeit:<\/strong><\/p>\n<p>&nbsp;<\/p>\n<p>&nbsp;<\/p>\n<hr \/>\n<p style=\"text-align: center;\"><strong>M\u00f6chten Sie gerne bei der n\u00e4chsten CaIPi-Night dabei sein?<\/strong><br \/>\nKontaktieren Sie uns:\u00a0<a href=\"mailto:info@caipi-night.de\">info@caipi-night.de<\/a><\/p>\n","protected":false},"excerpt":{"rendered":"<p>Wir danken unseren Partnern f\u00fcr die tolle Unterst\u00fctzung bei unserer Veranstaltung und freuen uns auf eine weitere Zusammenarbeit: &nbsp; &nbsp; M\u00f6chten Sie gerne bei der n\u00e4chsten CaIPi-Night dabei sein? Kontaktieren Sie uns:\u00a0info@caipi-night.de<\/p>\n","protected":false},"author":2,"featured_media":0,"parent":0,"menu_order":0,"comment_status":"closed","ping_status":"closed","template":"","meta":[],"_links":{"self":[{"href":"https:\/\/caipi-night.de\/index.php?rest_route=\/wp\/v2\/pages\/466"}],"collection":[{"href":"https:\/\/caipi-night.de\/index.php?rest_route=\/wp\/v2\/pages"}],"about":[{"href":"https:\/\/caipi-night.de\/index.php?rest_route=\/wp\/v2\/types\/page"}],"author":[{"embeddable":true,"href":"https:\/\/caipi-night.de\/index.php?rest_route=\/wp\/v2\/users\/2"}],"replies":[{"embeddable":true,"href":"https:\/\/caipi-night.de\/index.php?rest_route=%2Fwp%2Fv2%2Fcomments&post=466"}],"version-history":[{"count":0,"href":"https:\/\/caipi-night.de\/index.php?rest_route=\/wp\/v2\/pages\/466\/revisions"}],"wp:attachment":[{"href":"https:\/\/caipi-night.de\/index.php?rest_route=%2Fwp%2Fv2%2Fmedia&parent=466"}],"curies":[{"name":"wp","href":"https:\/\/api.w.org\/{rel}","templated":true}]}}