{"id":469,"date":"2016-07-23T10:50:07","date_gmt":"2016-07-23T08:50:07","guid":{"rendered":"http:\/\/reutlingen.ide-hosting.de\/caipi\/?page_id=469"},"modified":"2023-11-13T11:02:12","modified_gmt":"2023-11-13T10:02:12","slug":"about-us","status":"publish","type":"page","link":"https:\/\/caipi-night.de\/?page_id=469","title":{"rendered":"ABOUT US"},"content":{"rendered":"<h4 style=\"text-align: center;\"><strong>\u00a0\u00a0\u00a0 &gt;&gt; Wer Caipirinhas nicht widerstehen kann, ist bei uns genau richtig. &lt;&lt;<\/strong><\/h4>\n\r\n<ul class=\"bxslider\"  data-bxslider-mode=\"horizontal\"data-bxslider-speed=\"500\"data-bxslider-slide-margin=\"0\"data-bxslider-start-slide=\"0\"data-bxslider-random-start=\"false\"data-bxslider-slide-selector=\"\"data-bxslider-infinite-loop=\"true\"data-bxslider-hide-control-on-end=\"false\"data-bxslider-captions=\"true\"data-bxslider-ticker=\"false\"data-bxslider-ticker-hover=\"false\"data-bxslider-adaptive-height=\"false\"data-bxslider-adaptive-height-speed=\"500\"data-bxslider-video=\"false\"data-bxslider-responsive=\"true\"data-bxslider-use-css=\"true\"data-bxslider-easing=\"null\"data-bxslider-preload-images=\"visible\"data-bxslider-touch-enabled=\"true\"data-bxslider-swipe-threshold=\"50\"data-bxslider-one-to-one-touch=\"true\"data-bxslider-prevent-default-swipe-x=\"true\"data-bxslider-prevent-default-swipe-y=\"false\"data-bxslider-pager=\"false\"data-bxslider-pager-type=\"full\"data-bxslider-pager-short-separator=\" \/ \"data-bxslider-pager-selector=\"\"data-bxslider-controls=\"false\"data-bxslider-next-text=\"Next\"data-bxslider-prev-text=\"Prev\"data-bxslider-next-selector=\"null\"data-bxslider-prev-selector=\"null\"data-bxslider-auto-controls=\"false\"data-bxslider-start-text=\"Start\"data-bxslider-stop-text=\"Stop\"data-bxslider-auto-controls-combine=\"false\"data-bxslider-auto-controls-selector=\"null\"data-bxslider-auto=\"false\"data-bxslider-pause=\"4000\"data-bxslider-auto-start=\"false\"data-bxslider-auto-direction=\"next\"data-bxslider-auto-hover=\"false\"data-bxslider-auto-delay=\"0\"data-bxslider-min-slides=\"1\"data-bxslider-max-slides=\"1\"data-bxslider-move-slides=\"0\"data-bxslider-slide-width=\"0\" >\r\n                    <li>\r\n                        <img src=\"https:\/\/caipi-night.de\/wp-content\/uploads\/2019\/07\/caipi.jpg\" title=\"\" \/>\r\n                    <\/li>\r\n                            <li>\r\n                        <img src=\"https:\/\/caipi-night.de\/wp-content\/uploads\/2019\/07\/caipi-dollar.jpg\" title=\"\" \/>\r\n                    <\/li>\r\n                            <li>\r\n                        <img src=\"https:\/\/caipi-night.de\/wp-content\/uploads\/2019\/07\/DSC03088-scaled.jpg\" title=\"\" \/>\r\n                    <\/li>\r\n                            <li>\r\n                        <img src=\"https:\/\/caipi-night.de\/wp-content\/uploads\/2019\/07\/DSC03074-scaled.jpg\" title=\"\" \/>\r\n                    <\/li>\r\n            <\/ul>\n<p>Studierende der ersten beiden Semester sammeln im Rahmen der Vorlesung <strong>Foundations of Project Management<\/strong> ihre ersten Projektmanagement-Erfahrungen.<\/p>\n<p>Die Organisation der <strong>CaIPi Night<\/strong> ist das erste von mehreren gro\u00dfen Projekten im Studiengang.<\/p>\n<p>Seit Sommer 2011 wird bereits die Theorie in die Praxis umgesetzt, und von einem ca. 20-k\u00f6pfigen Team aus Studierenden immer wieder eine unvergessliche Party organisiert.<\/p>\n<p>Neben gutem Projektmanagement sind auch Organisationstalent und Zeitmanagement gefragt, um als Team gemeinsam ans Ziel zu kommen.<\/p>\n<p>Die CaIPi Night ist die Fakult\u00e4tsfeier der Fakult\u00e4t Technik und geh\u00f6rt mittlerweile zu den gr\u00f6\u00dften Veranstaltungen auf dem Campus der Hochschule Reutlingen, deswegen musste sie im Wintersemester 2014 von der Aula in die Maschinenhalle umziehen.<\/p>\n<p>Im Dezember 2015 wurde das 10-semestrige Jubil\u00e4um mit \u00fcber 1000 G\u00e4sten in der Maschinenhalle gefeiert, und war ein gro\u00dfer Erfolg.<\/p>\n<p>Die CaIPi-Night ist eine gemeinsame Veranstaltung des<br \/>\n<strong>Verein des Internationalen Projektingenieurwesens der Hochschule Reutlingen e.V.<\/strong><\/p>\n<p>zusammen mit der<br \/>\n<strong>Fakult\u00e4t Technik, der Hochschule Reutlingen.<\/strong><\/p>\n<p>Die Koordination der Organisation liegt beim VIP Hochschule Reutlingen e.V.<\/p>\n\r\n<ul class=\"bxslider\"  data-bxslider-mode=\"horizontal\"data-bxslider-speed=\"500\"data-bxslider-slide-margin=\"0\"data-bxslider-start-slide=\"0\"data-bxslider-random-start=\"false\"data-bxslider-slide-selector=\"\"data-bxslider-infinite-loop=\"true\"data-bxslider-hide-control-on-end=\"false\"data-bxslider-captions=\"true\"data-bxslider-ticker=\"false\"data-bxslider-ticker-hover=\"false\"data-bxslider-adaptive-height=\"false\"data-bxslider-adaptive-height-speed=\"500\"data-bxslider-video=\"false\"data-bxslider-responsive=\"true\"data-bxslider-use-css=\"true\"data-bxslider-easing=\"null\"data-bxslider-preload-images=\"visible\"data-bxslider-touch-enabled=\"true\"data-bxslider-swipe-threshold=\"50\"data-bxslider-one-to-one-touch=\"true\"data-bxslider-prevent-default-swipe-x=\"true\"data-bxslider-prevent-default-swipe-y=\"false\"data-bxslider-pager=\"false\"data-bxslider-pager-type=\"full\"data-bxslider-pager-short-separator=\" \/ \"data-bxslider-pager-selector=\"\"data-bxslider-controls=\"false\"data-bxslider-next-text=\"Next\"data-bxslider-prev-text=\"Prev\"data-bxslider-next-selector=\"null\"data-bxslider-prev-selector=\"null\"data-bxslider-auto-controls=\"false\"data-bxslider-start-text=\"Start\"data-bxslider-stop-text=\"Stop\"data-bxslider-auto-controls-combine=\"false\"data-bxslider-auto-controls-selector=\"null\"data-bxslider-auto=\"false\"data-bxslider-pause=\"4000\"data-bxslider-auto-start=\"false\"data-bxslider-auto-direction=\"next\"data-bxslider-auto-hover=\"false\"data-bxslider-auto-delay=\"0\"data-bxslider-min-slides=\"1\"data-bxslider-max-slides=\"1\"data-bxslider-move-slides=\"0\"data-bxslider-slide-width=\"0\" >\r\n                    <li>\r\n                        <img src=\"https:\/\/caipi-night.de\/wp-content\/uploads\/2016\/08\/IMG_15572.jpg\" title=\"Organisationsteam&lt;br&gt;\r\nWintersemester 2015\/16\" \/>\r\n                    <\/li>\r\n                            <li>\r\n                        <img src=\"https:\/\/caipi-night.de\/wp-content\/uploads\/2016\/08\/CN_Team_SS16.jpg\" title=\"Organisationsteam&lt;br&gt;\r\nSommersemester 2016\" \/>\r\n                    <\/li>\r\n                            <li>\r\n                        <img src=\"https:\/\/caipi-night.de\/wp-content\/uploads\/2020\/10\/FotosIPKickoffS19-1-scaled.jpg\" title=\"Organisationsteam&lt;br&gt;\r\nSommersemester 2019\" \/>\r\n                    <\/li>\r\n                            <li>\r\n                        <img src=\"https:\/\/caipi-night.de\/wp-content\/uploads\/2020\/10\/Teambild-scaled.jpg\" title=\"Organisationsteam&lt;br&gt;\r\nWintersemester 2019\/20\" \/>\r\n                    <\/li>\r\n                            <li>\r\n                        <img src=\"https:\/\/caipi-night.de\/wp-content\/uploads\/2023\/11\/WhatsApp-Image-2023-11-07-at-17.08.56.jpeg\" title=\"Organisationsteam &lt;br&gt;\r\nWintersemester 2023\/24\" \/>\r\n                    <\/li>\r\n            <\/ul>\n<hr \/>\n<h4><strong>Alle CaIPi Nights auf einen Blick:<\/strong><\/h4>\n<div id='gallery-1' class='gallery galleryid-469 gallery-columns-5 gallery-size-thumbnail'><figure class='gallery-item'>\n\t\t\t<div class='gallery-icon portrait'>\n\t\t\t\t<img width=\"150\" height=\"150\" src=\"https:\/\/caipi-night.de\/wp-content\/uploads\/2016\/07\/CAIPI-NIGHT-1-150x150.jpg\" class=\"attachment-thumbnail size-thumbnail\" alt=\"\" decoding=\"async\" loading=\"lazy\" aria-describedby=\"gallery-1-533\" srcset=\"https:\/\/caipi-night.de\/wp-content\/uploads\/2016\/07\/CAIPI-NIGHT-1-150x150.jpg 150w, https:\/\/caipi-night.de\/wp-content\/uploads\/2016\/07\/CAIPI-NIGHT-1-75x75.jpg 75w\" sizes=\"(max-width: 150px) 100vw, 150px\" \/>\n\t\t\t<\/div>\n\t\t\t\t<figcaption class='wp-caption-text gallery-caption' id='gallery-1-533'>\n\t\t\t\tCAIPI NIGHT 1\n\t\t\t\t<\/figcaption><\/figure><figure class='gallery-item'>\n\t\t\t<div class='gallery-icon portrait'>\n\t\t\t\t<img width=\"150\" height=\"150\" src=\"https:\/\/caipi-night.de\/wp-content\/uploads\/2016\/07\/CAIPI-NIGHT-2-150x150.jpg\" class=\"attachment-thumbnail size-thumbnail\" alt=\"\" decoding=\"async\" loading=\"lazy\" aria-describedby=\"gallery-1-534\" srcset=\"https:\/\/caipi-night.de\/wp-content\/uploads\/2016\/07\/CAIPI-NIGHT-2-150x150.jpg 150w, https:\/\/caipi-night.de\/wp-content\/uploads\/2016\/07\/CAIPI-NIGHT-2-75x75.jpg 75w\" sizes=\"(max-width: 150px) 100vw, 150px\" \/>\n\t\t\t<\/div>\n\t\t\t\t<figcaption class='wp-caption-text gallery-caption' id='gallery-1-534'>\n\t\t\t\tCAIPI NIGHT 2\n\t\t\t\t<\/figcaption><\/figure><figure class='gallery-item'>\n\t\t\t<div class='gallery-icon portrait'>\n\t\t\t\t<img width=\"150\" height=\"150\" src=\"https:\/\/caipi-night.de\/wp-content\/uploads\/2016\/07\/CAIPI-NIGHT-3-150x150.jpg\" class=\"attachment-thumbnail size-thumbnail\" alt=\"\" decoding=\"async\" loading=\"lazy\" aria-describedby=\"gallery-1-535\" srcset=\"https:\/\/caipi-night.de\/wp-content\/uploads\/2016\/07\/CAIPI-NIGHT-3-150x150.jpg 150w, https:\/\/caipi-night.de\/wp-content\/uploads\/2016\/07\/CAIPI-NIGHT-3-75x75.jpg 75w\" sizes=\"(max-width: 150px) 100vw, 150px\" \/>\n\t\t\t<\/div>\n\t\t\t\t<figcaption class='wp-caption-text gallery-caption' id='gallery-1-535'>\n\t\t\t\tCAIPI NIGHT 3\n\t\t\t\t<\/figcaption><\/figure><figure class='gallery-item'>\n\t\t\t<div class='gallery-icon portrait'>\n\t\t\t\t<img width=\"150\" height=\"150\" src=\"https:\/\/caipi-night.de\/wp-content\/uploads\/2016\/07\/CAIPI-NIGHT-4-150x150.jpg\" class=\"attachment-thumbnail size-thumbnail\" alt=\"\" decoding=\"async\" loading=\"lazy\" aria-describedby=\"gallery-1-536\" srcset=\"https:\/\/caipi-night.de\/wp-content\/uploads\/2016\/07\/CAIPI-NIGHT-4-150x150.jpg 150w, https:\/\/caipi-night.de\/wp-content\/uploads\/2016\/07\/CAIPI-NIGHT-4-75x75.jpg 75w\" sizes=\"(max-width: 150px) 100vw, 150px\" \/>\n\t\t\t<\/div>\n\t\t\t\t<figcaption class='wp-caption-text gallery-caption' id='gallery-1-536'>\n\t\t\t\tCAIPI NIGHT 4\n\t\t\t\t<\/figcaption><\/figure><figure class='gallery-item'>\n\t\t\t<div class='gallery-icon portrait'>\n\t\t\t\t<img width=\"150\" height=\"150\" src=\"https:\/\/caipi-night.de\/wp-content\/uploads\/2016\/07\/CAIPI-NIGHT-5-150x150.jpg\" class=\"attachment-thumbnail size-thumbnail\" alt=\"\" decoding=\"async\" loading=\"lazy\" aria-describedby=\"gallery-1-537\" srcset=\"https:\/\/caipi-night.de\/wp-content\/uploads\/2016\/07\/CAIPI-NIGHT-5-150x150.jpg 150w, https:\/\/caipi-night.de\/wp-content\/uploads\/2016\/07\/CAIPI-NIGHT-5-75x75.jpg 75w\" sizes=\"(max-width: 150px) 100vw, 150px\" \/>\n\t\t\t<\/div>\n\t\t\t\t<figcaption class='wp-caption-text gallery-caption' id='gallery-1-537'>\n\t\t\t\tCAIPI NIGHT 5\n\t\t\t\t<\/figcaption><\/figure><figure class='gallery-item'>\n\t\t\t<div class='gallery-icon portrait'>\n\t\t\t\t<img width=\"150\" height=\"150\" src=\"https:\/\/caipi-night.de\/wp-content\/uploads\/2016\/07\/CAIPI-NIGHT-6-150x150.jpg\" class=\"attachment-thumbnail size-thumbnail\" alt=\"\" decoding=\"async\" loading=\"lazy\" aria-describedby=\"gallery-1-538\" srcset=\"https:\/\/caipi-night.de\/wp-content\/uploads\/2016\/07\/CAIPI-NIGHT-6-150x150.jpg 150w, https:\/\/caipi-night.de\/wp-content\/uploads\/2016\/07\/CAIPI-NIGHT-6-75x75.jpg 75w\" sizes=\"(max-width: 150px) 100vw, 150px\" \/>\n\t\t\t<\/div>\n\t\t\t\t<figcaption class='wp-caption-text gallery-caption' id='gallery-1-538'>\n\t\t\t\tCAIPI NIGHT 6\n\t\t\t\t<\/figcaption><\/figure><figure class='gallery-item'>\n\t\t\t<div class='gallery-icon portrait'>\n\t\t\t\t<img width=\"150\" height=\"150\" src=\"https:\/\/caipi-night.de\/wp-content\/uploads\/2016\/07\/CAIPI-NIGHT-7-150x150.jpg\" class=\"attachment-thumbnail size-thumbnail\" alt=\"\" decoding=\"async\" loading=\"lazy\" aria-describedby=\"gallery-1-539\" srcset=\"https:\/\/caipi-night.de\/wp-content\/uploads\/2016\/07\/CAIPI-NIGHT-7-150x150.jpg 150w, https:\/\/caipi-night.de\/wp-content\/uploads\/2016\/07\/CAIPI-NIGHT-7-75x75.jpg 75w\" sizes=\"(max-width: 150px) 100vw, 150px\" \/>\n\t\t\t<\/div>\n\t\t\t\t<figcaption class='wp-caption-text gallery-caption' id='gallery-1-539'>\n\t\t\t\tCAIPI NIGHT 7\n\t\t\t\t<\/figcaption><\/figure><figure class='gallery-item'>\n\t\t\t<div class='gallery-icon portrait'>\n\t\t\t\t<img width=\"150\" height=\"150\" src=\"https:\/\/caipi-night.de\/wp-content\/uploads\/2016\/07\/CAIPI-NIGHT-8-150x150.jpg\" class=\"attachment-thumbnail size-thumbnail\" alt=\"\" decoding=\"async\" loading=\"lazy\" aria-describedby=\"gallery-1-540\" srcset=\"https:\/\/caipi-night.de\/wp-content\/uploads\/2016\/07\/CAIPI-NIGHT-8-150x150.jpg 150w, https:\/\/caipi-night.de\/wp-content\/uploads\/2016\/07\/CAIPI-NIGHT-8-75x75.jpg 75w\" sizes=\"(max-width: 150px) 100vw, 150px\" \/>\n\t\t\t<\/div>\n\t\t\t\t<figcaption class='wp-caption-text gallery-caption' id='gallery-1-540'>\n\t\t\t\tCAIPI NIGHT 8\n\t\t\t\t<\/figcaption><\/figure><figure class='gallery-item'>\n\t\t\t<div class='gallery-icon portrait'>\n\t\t\t\t<img width=\"150\" height=\"150\" src=\"https:\/\/caipi-night.de\/wp-content\/uploads\/2016\/07\/CAIPI-NIGHT-9-150x150.jpg\" class=\"attachment-thumbnail size-thumbnail\" alt=\"\" decoding=\"async\" loading=\"lazy\" aria-describedby=\"gallery-1-541\" srcset=\"https:\/\/caipi-night.de\/wp-content\/uploads\/2016\/07\/CAIPI-NIGHT-9-150x150.jpg 150w, https:\/\/caipi-night.de\/wp-content\/uploads\/2016\/07\/CAIPI-NIGHT-9-75x75.jpg 75w\" sizes=\"(max-width: 150px) 100vw, 150px\" \/>\n\t\t\t<\/div>\n\t\t\t\t<figcaption class='wp-caption-text gallery-caption' id='gallery-1-541'>\n\t\t\t\tCAIPI NIGHT 9\n\t\t\t\t<\/figcaption><\/figure><figure class='gallery-item'>\n\t\t\t<div class='gallery-icon portrait'>\n\t\t\t\t<img width=\"150\" height=\"150\" src=\"https:\/\/caipi-night.de\/wp-content\/uploads\/2016\/07\/CAIPI-NIGHT-10-150x150.jpg\" class=\"attachment-thumbnail size-thumbnail\" alt=\"\" decoding=\"async\" loading=\"lazy\" aria-describedby=\"gallery-1-542\" srcset=\"https:\/\/caipi-night.de\/wp-content\/uploads\/2016\/07\/CAIPI-NIGHT-10-150x150.jpg 150w, https:\/\/caipi-night.de\/wp-content\/uploads\/2016\/07\/CAIPI-NIGHT-10-75x75.jpg 75w\" sizes=\"(max-width: 150px) 100vw, 150px\" \/>\n\t\t\t<\/div>\n\t\t\t\t<figcaption class='wp-caption-text gallery-caption' id='gallery-1-542'>\n\t\t\t\tCAIPI NIGHT 10\n\t\t\t\t<\/figcaption><\/figure><figure class='gallery-item'>\n\t\t\t<div class='gallery-icon portrait'>\n\t\t\t\t<img width=\"150\" height=\"150\" src=\"https:\/\/caipi-night.de\/wp-content\/uploads\/2016\/07\/CAIPI-NIGHT-11-150x150.jpg\" class=\"attachment-thumbnail size-thumbnail\" alt=\"\" decoding=\"async\" loading=\"lazy\" aria-describedby=\"gallery-1-543\" srcset=\"https:\/\/caipi-night.de\/wp-content\/uploads\/2016\/07\/CAIPI-NIGHT-11-150x150.jpg 150w, https:\/\/caipi-night.de\/wp-content\/uploads\/2016\/07\/CAIPI-NIGHT-11-75x75.jpg 75w\" sizes=\"(max-width: 150px) 100vw, 150px\" \/>\n\t\t\t<\/div>\n\t\t\t\t<figcaption class='wp-caption-text gallery-caption' id='gallery-1-543'>\n\t\t\t\tCAIPI NIGHT 11\n\t\t\t\t<\/figcaption><\/figure><figure class='gallery-item'>\n\t\t\t<div class='gallery-icon portrait'>\n\t\t\t\t<img width=\"150\" height=\"150\" src=\"https:\/\/caipi-night.de\/wp-content\/uploads\/2016\/12\/Unbenannt-150x150.jpg\" class=\"attachment-thumbnail size-thumbnail\" alt=\"\" decoding=\"async\" loading=\"lazy\" aria-describedby=\"gallery-1-673\" srcset=\"https:\/\/caipi-night.de\/wp-content\/uploads\/2016\/12\/Unbenannt-150x150.jpg 150w, https:\/\/caipi-night.de\/wp-content\/uploads\/2016\/12\/Unbenannt-75x75.jpg 75w\" sizes=\"(max-width: 150px) 100vw, 150px\" \/>\n\t\t\t<\/div>\n\t\t\t\t<figcaption class='wp-caption-text gallery-caption' id='gallery-1-673'>\n\t\t\t\tCAIPI NIGHT 12\n\t\t\t\t<\/figcaption><\/figure><figure class='gallery-item'>\n\t\t\t<div class='gallery-icon portrait'>\n\t\t\t\t<img width=\"150\" height=\"150\" src=\"https:\/\/caipi-night.de\/wp-content\/uploads\/2016\/07\/Caipi-Night-13-1-150x150.jpg\" class=\"attachment-thumbnail size-thumbnail\" alt=\"\" decoding=\"async\" loading=\"lazy\" aria-describedby=\"gallery-1-714\" srcset=\"https:\/\/caipi-night.de\/wp-content\/uploads\/2016\/07\/Caipi-Night-13-1-150x150.jpg 150w, https:\/\/caipi-night.de\/wp-content\/uploads\/2016\/07\/Caipi-Night-13-1-75x75.jpg 75w\" sizes=\"(max-width: 150px) 100vw, 150px\" \/>\n\t\t\t<\/div>\n\t\t\t\t<figcaption class='wp-caption-text gallery-caption' id='gallery-1-714'>\n\t\t\t\tCAIPI NIGHT 13\n\t\t\t\t<\/figcaption><\/figure><figure class='gallery-item'>\n\t\t\t<div class='gallery-icon portrait'>\n\t\t\t\t<img width=\"150\" height=\"150\" src=\"https:\/\/caipi-night.de\/wp-content\/uploads\/2016\/07\/Caipi-Night-14-150x150.jpg\" class=\"attachment-thumbnail size-thumbnail\" alt=\"\" decoding=\"async\" loading=\"lazy\" aria-describedby=\"gallery-1-709\" srcset=\"https:\/\/caipi-night.de\/wp-content\/uploads\/2016\/07\/Caipi-Night-14-150x150.jpg 150w, https:\/\/caipi-night.de\/wp-content\/uploads\/2016\/07\/Caipi-Night-14-75x75.jpg 75w\" sizes=\"(max-width: 150px) 100vw, 150px\" \/>\n\t\t\t<\/div>\n\t\t\t\t<figcaption class='wp-caption-text gallery-caption' id='gallery-1-709'>\n\t\t\t\tCAIPI NIGHT 14\n\t\t\t\t<\/figcaption><\/figure><figure class='gallery-item'>\n\t\t\t<div class='gallery-icon portrait'>\n\t\t\t\t<img width=\"150\" height=\"150\" src=\"https:\/\/caipi-night.de\/wp-content\/uploads\/2016\/07\/Caipi-Night-15-1-150x150.jpg\" class=\"attachment-thumbnail size-thumbnail\" alt=\"\" decoding=\"async\" loading=\"lazy\" aria-describedby=\"gallery-1-715\" srcset=\"https:\/\/caipi-night.de\/wp-content\/uploads\/2016\/07\/Caipi-Night-15-1-150x150.jpg 150w, https:\/\/caipi-night.de\/wp-content\/uploads\/2016\/07\/Caipi-Night-15-1-75x75.jpg 75w\" sizes=\"(max-width: 150px) 100vw, 150px\" \/>\n\t\t\t<\/div>\n\t\t\t\t<figcaption class='wp-caption-text gallery-caption' id='gallery-1-715'>\n\t\t\t\tCAIPI NIGHT 15\n\t\t\t\t<\/figcaption><\/figure><figure class='gallery-item'>\n\t\t\t<div class='gallery-icon portrait'>\n\t\t\t\t<img width=\"150\" height=\"150\" src=\"https:\/\/caipi-night.de\/wp-content\/uploads\/2016\/07\/Caipi-Night-16-150x150.jpg\" class=\"attachment-thumbnail size-thumbnail\" alt=\"\" decoding=\"async\" loading=\"lazy\" aria-describedby=\"gallery-1-711\" srcset=\"https:\/\/caipi-night.de\/wp-content\/uploads\/2016\/07\/Caipi-Night-16-150x150.jpg 150w, https:\/\/caipi-night.de\/wp-content\/uploads\/2016\/07\/Caipi-Night-16-75x75.jpg 75w\" sizes=\"(max-width: 150px) 100vw, 150px\" \/>\n\t\t\t<\/div>\n\t\t\t\t<figcaption class='wp-caption-text gallery-caption' id='gallery-1-711'>\n\t\t\t\tCAIPI NIGHT 16\n\t\t\t\t<\/figcaption><\/figure><figure class='gallery-item'>\n\t\t\t<div class='gallery-icon portrait'>\n\t\t\t\t<img width=\"150\" height=\"150\" src=\"https:\/\/caipi-night.de\/wp-content\/uploads\/2016\/07\/Caipi-Night-17-150x150.jpg\" class=\"attachment-thumbnail size-thumbnail\" alt=\"\" decoding=\"async\" loading=\"lazy\" aria-describedby=\"gallery-1-712\" srcset=\"https:\/\/caipi-night.de\/wp-content\/uploads\/2016\/07\/Caipi-Night-17-150x150.jpg 150w, https:\/\/caipi-night.de\/wp-content\/uploads\/2016\/07\/Caipi-Night-17-75x75.jpg 75w\" sizes=\"(max-width: 150px) 100vw, 150px\" \/>\n\t\t\t<\/div>\n\t\t\t\t<figcaption class='wp-caption-text gallery-caption' id='gallery-1-712'>\n\t\t\t\tCAIPI NIGHT 17\n\t\t\t\t<\/figcaption><\/figure><figure class='gallery-item'>\n\t\t\t<div class='gallery-icon portrait'>\n\t\t\t\t<img width=\"150\" height=\"150\" src=\"https:\/\/caipi-night.de\/wp-content\/uploads\/2020\/10\/cp1920-150x150.jpg\" class=\"attachment-thumbnail size-thumbnail\" alt=\"\" decoding=\"async\" loading=\"lazy\" aria-describedby=\"gallery-1-809\" srcset=\"https:\/\/caipi-night.de\/wp-content\/uploads\/2020\/10\/cp1920-150x150.jpg 150w, https:\/\/caipi-night.de\/wp-content\/uploads\/2020\/10\/cp1920-75x75.jpg 75w\" sizes=\"(max-width: 150px) 100vw, 150px\" \/>\n\t\t\t<\/div>\n\t\t\t\t<figcaption class='wp-caption-text gallery-caption' id='gallery-1-809'>\n\t\t\t\tCAIPI NIGHT 18\n\t\t\t\t<\/figcaption><\/figure><figure class='gallery-item'>\n\t\t\t<div class='gallery-icon landscape'>\n\t\t\t\t<img width=\"150\" height=\"150\" src=\"https:\/\/caipi-night.de\/wp-content\/uploads\/2023\/11\/WhatsApp-Image-2023-11-07-at-17.17.43-1-150x150.jpeg\" class=\"attachment-thumbnail size-thumbnail\" alt=\"\" decoding=\"async\" loading=\"lazy\" aria-describedby=\"gallery-1-855\" srcset=\"https:\/\/caipi-night.de\/wp-content\/uploads\/2023\/11\/WhatsApp-Image-2023-11-07-at-17.17.43-1-150x150.jpeg 150w, https:\/\/caipi-night.de\/wp-content\/uploads\/2023\/11\/WhatsApp-Image-2023-11-07-at-17.17.43-1-300x300.jpeg 300w, https:\/\/caipi-night.de\/wp-content\/uploads\/2023\/11\/WhatsApp-Image-2023-11-07-at-17.17.43-1-75x75.jpeg 75w, https:\/\/caipi-night.de\/wp-content\/uploads\/2023\/11\/WhatsApp-Image-2023-11-07-at-17.17.43-1.jpeg 640w\" sizes=\"(max-width: 150px) 100vw, 150px\" \/>\n\t\t\t<\/div>\n\t\t\t\t<figcaption class='wp-caption-text gallery-caption' id='gallery-1-855'>\n\t\t\t\tCAIPI NIGHT 19\n\t\t\t\t<\/figcaption><\/figure><figure class='gallery-item'>\n\t\t\t<div class='gallery-icon portrait'>\n\t\t\t\t<img width=\"150\" height=\"150\" src=\"https:\/\/caipi-night.de\/wp-content\/uploads\/2023\/11\/CAIPI-NIGHT_pages-to-jpg-0001-150x150.jpg\" class=\"attachment-thumbnail size-thumbnail\" alt=\"\" decoding=\"async\" loading=\"lazy\" aria-describedby=\"gallery-1-858\" srcset=\"https:\/\/caipi-night.de\/wp-content\/uploads\/2023\/11\/CAIPI-NIGHT_pages-to-jpg-0001-150x150.jpg 150w, https:\/\/caipi-night.de\/wp-content\/uploads\/2023\/11\/CAIPI-NIGHT_pages-to-jpg-0001-75x75.jpg 75w\" sizes=\"(max-width: 150px) 100vw, 150px\" \/>\n\t\t\t<\/div>\n\t\t\t\t<figcaption class='wp-caption-text gallery-caption' id='gallery-1-858'>\n\t\t\t\tCAIPI NIGHT 20\n\t\t\t\t<\/figcaption><\/figure>\n\t\t<\/div>\n\n","protected":false},"excerpt":{"rendered":"<p>\u00a0\u00a0\u00a0 &gt;&gt; Wer Caipirinhas nicht widerstehen kann, ist bei uns genau richtig. &lt;&lt; Studierende der ersten beiden Semester sammeln im Rahmen der Vorlesung Foundations of Project Management ihre ersten Projektmanagement-Erfahrungen. Die Organisation der CaIPi Night ist das erste von mehreren gro\u00dfen Projekten im Studiengang. Seit Sommer 2011 wird bereits die Theorie in die Praxis umgesetzt, [&hellip;]<\/p>\n","protected":false},"author":2,"featured_media":0,"parent":0,"menu_order":0,"comment_status":"closed","ping_status":"closed","template":"","meta":[],"_links":{"self":[{"href":"https:\/\/caipi-night.de\/index.php?rest_route=\/wp\/v2\/pages\/469"}],"collection":[{"href":"https:\/\/caipi-night.de\/index.php?rest_route=\/wp\/v2\/pages"}],"about":[{"href":"https:\/\/caipi-night.de\/index.php?rest_route=\/wp\/v2\/types\/page"}],"author":[{"embeddable":true,"href":"https:\/\/caipi-night.de\/index.php?rest_route=\/wp\/v2\/users\/2"}],"replies":[{"embeddable":true,"href":"https:\/\/caipi-night.de\/index.php?rest_route=%2Fwp%2Fv2%2Fcomments&post=469"}],"version-history":[{"count":6,"href":"https:\/\/caipi-night.de\/index.php?rest_route=\/wp\/v2\/pages\/469\/revisions"}],"predecessor-version":[{"id":859,"href":"https:\/\/caipi-night.de\/index.php?rest_route=\/wp\/v2\/pages\/469\/revisions\/859"}],"wp:attachment":[{"href":"https:\/\/caipi-night.de\/index.php?rest_route=%2Fwp%2Fv2%2Fmedia&parent=469"}],"curies":[{"name":"wp","href":"https:\/\/api.w.org\/{rel}","templated":true}]}}