{"id":678,"date":"2017-04-19T23:27:28","date_gmt":"2017-04-19T21:27:28","guid":{"rendered":"http:\/\/caipi-night.de\/?page_id=678"},"modified":"2017-04-19T23:27:28","modified_gmt":"2017-04-19T21:27:28","slug":"veranstaltungsordnung","status":"publish","type":"page","link":"https:\/\/caipi-night.de\/?page_id=678","title":{"rendered":"VERANSTALTUNGSORDNUNG"},"content":{"rendered":"<h3>Terms and Conditions<\/h3>\n<p>&nbsp;<\/p>\n<p>Lieber Besucher,<br \/>\nWir arbeiten jedes Semester daran, damit uns allen die CaIPi-Night in guter Erinnerung bleibt. Aber es gibt ein paar Dinge, die ihr selber machen k\u00f6nnt, damit die CaIPi-Night unvergesslich wird. Diese Veranstaltungsordnung bestimmt die Rechte und Pflichten der Besucher der CaIPi-Night w\u00e4hrend ihres Aufenthalts.<\/p>\n<p>&nbsp;<\/p>\n<h4><strong>Veranstalter<\/strong><\/h4>\n<p>Die CaIPi-Night ist eine \u00a0Veranstaltung des<br \/>\n<strong>Verein des Internationalen Projektingenieurwesens der Hochschule Reutlingen e.V.<\/strong><\/p>\n<p>&nbsp;<\/p>\n<p>&nbsp;<\/p>\n<h4><strong>Allgemeines <\/strong><\/h4>\n<p>Mit Betreten des Veranstaltungsgel\u00e4ndes akzeptiert jeder Besucher ausdr\u00fccklich diese Veranstaltungsordnung.<br \/>\nZum Veranstaltungsgel\u00e4nde z\u00e4hlen das Geb\u00e4ude 1, sowie die eingez\u00e4unten Freifl\u00e4chen um das Geb\u00e4ude herum.<br \/>\nDas Hausrecht der Veranstalter gilt auf dem gesamten Gel\u00e4nde der Hochschule Reutlingen.<\/p>\n<p>&nbsp;<\/p>\n<p>Bitte verhaltet euch r\u00fccksichtsvoll und tolerant gegen\u00fcber den anderen Besuchern.<br \/>\nKein Besucher soll bel\u00e4stigt, gesch\u00e4digt oder gef\u00e4hrdet werden.<\/p>\n<p>Habt ihr ein Problem oder braucht Hilfe, dann wendet euch an unser Team oder das Sicherheitspersonal.<br \/>\nJede Person, die sich zum Veranstaltungszeitpunkt auf dem Veranstaltungsgel\u00e4nde, sowie dem Gel\u00e4nde der Hochschule Reutlingen, aufh\u00e4lt, unterliegt der Weisungsbefugnis der Veranstalter, sowie der Personen, die im Namen und Auftrag der Veranstalter handeln. Den Anordnungen des Sicherheitspersonals und unseres Teams ist jederzeit Folge zu leisten.<br \/>\nJeder Besucher hat alle Einrichtungen pfleglich und schonend zu behandeln.<\/p>\n<p>Mutwillige Besch\u00e4digungen jeglicher Gegenst\u00e4nde und Einrichtungen sind untersagt und werden als Vandalismus verfolgt.<\/p>\n<p>Personen haften in vollem Umfang f\u00fcr von ihnen verursachte Sch\u00e4den.<br \/>\nDas Betreten von abgesperrten oder nicht freigegebenen Bereichen ist strengstens untersagt, und f\u00fchrt bei Missachtung zum Ausschluss von der Veranstaltung.<\/p>\n<p>Im gesamten Geb\u00e4ude herrscht absolutes Rauchverbot.<\/p>\n<p>Nach Ende der Veranstaltung muss das Veranstaltungsgel\u00e4nde verlassen und ger\u00e4umt werden.<\/p>\n<p>Wir behalten uns vor mitgebrachte Taschen beim Einlass und w\u00e4hrend der Veranstaltung auf verbotene Inhalte zu pr\u00fcfen.<\/p>\n<p>&nbsp;<\/p>\n<p>Verbotene Gegenst\u00e4nde:<\/p>\n<ul>\n<li>Waffen jeglicher Art, gef\u00e4hrliche Gegenst\u00e4nde, m\u00f6gliche Wurfgeschosse (z.B. Deobeh\u00e4lter)<\/li>\n<li>Pyrotechnische Gegenst\u00e4nde, Feuerwerksk\u00f6rper, Fackeln, bengalische Feuer, Wunderkerzen, Explosivstoffe, o.\u00e4.<\/li>\n<li>Musikanlagen, Megafone, Vuvuzelas, Druckluftsirenen, o.\u00e4.<\/li>\n<li>Glasbeh\u00e4lter und Gegenst\u00e4nde aus zerbrechlichem oder splitterndem Material.<\/li>\n<li>Drogen, Medikamente in un\u00fcblichen Mengen, Medikamente ohne Originalverpackung, illegale Substanzen, o.\u00e4.<\/li>\n<li>Mitgebrachte Speisen und Getr\u00e4nke.<\/li>\n<li>Rassistische, fremdenfeindliche, radikale, pornographische, sowie jugendgef\u00e4hrdende Materialien, wie Flaggen, Transparente, Aufdrucke, Aufn\u00e4her, Aufkleber, Flyer, o.\u00e4.<\/li>\n<\/ul>\n<p>&nbsp;<\/p>\n<p>Das Mitf\u00fchren der aufgef\u00fchrten Gegenst\u00e4nde kann zur Abweisung des Besuchers und um Ausschluss von der Veranstaltung f\u00fchren. Mitgef\u00fchrte Gegenst\u00e4nde dieser Art k\u00f6nnen vom Sicherheitspersonal konfisziert und entsorgt werden.<br \/>\nBei illegalen Gegenst\u00e4nde kann eine entsprechende Anzeige und die \u00dcbergabe des Gegenstands an die Polizei erfolgen.<\/p>\n<p>Es ist strengstens verboten auf dem Veranstaltungsgel\u00e4nde zu plakatieren oder Flyer zu verteilen.<br \/>\nEntsprechende Verst\u00f6\u00dfe werden zur Anzeige gebracht.<\/p>\n<p>Solltet ihr w\u00e4hrend der Veranstaltung Verst\u00f6\u00dfe hiergegen beobachten, informiert bitte umgehend das Sicherheitspersonal oder unser Team dar\u00fcber.<\/p>\n<h4>Einlass<\/h4>\n<p>Eintritt erh\u00e4lt nur, wer mindestens 18 Jahre alt ist.<\/p>\n<p>Wir behalten uns Ausweiskontrollen vor. Studierendenauswei\u00dfe, Versichertenkarten, Auswei\u00dfkopien, o.\u00e4. gelten nicht als offizielle Auswei\u00dfdokumente.<br \/>\nMinderj\u00e4hrige erhalten auch in Begleitung eines Erziehungsberechtigten keinen Zutritt.<br \/>\nWir behalten uns vor Minderj\u00e4hrige, auch mit g\u00fcltigem Ticket oder Einlassband, nicht einzulassen, oder ggf. von der Veranstaltung auszuschlie\u00dfen.<\/p>\n<p>Besucher, die erkennbar unter Alkohol- oder Rauschmitteleinfluss stehen, haben keinen Anspruch auf Einlass und werden von der Veranstaltung ausgeschlossen.<br \/>\ndurch Alkohol oder Rauschmittel beeintr\u00e4chtigt sind, haben keinen Anspruch auf Einlass.<\/p>\n<p>Um f\u00fcr alle G\u00e4ste einen z\u00fcgigen Einlass zu gew\u00e4hrleisten, bitten wir euch auf die Mitnahmen von Rucks\u00e4cken oder gr\u00f6\u00dferen Taschen zu verzichten.<br \/>\nTaschen, mitgef\u00fchrte Beh\u00e4ltnisse und Kleidung, wie M\u00e4ntel, Jacken und Umh\u00e4nge, k\u00f6nnen auf deren Inhalt hin kontrolliert werden. Besucher, die mit der Sicherstellung von gef\u00e4hrlichen oder verbotenen Gegenst\u00e4nden, durch das Sicherheitspersonal, nicht einverstanden sind, sind von der Veranstaltung ausgeschlossen.<\/p>\n<p>Einlassb\u00e4nder sind nicht \u00fcbertragbar.<br \/>\nW\u00e4hrend der Veranstaltung werden Kontrollen durchgef\u00fchrt und Besucher ohne Einlassband werden von der Veranstaltung ausgeschlossen.<br \/>\nFalls euer B\u00e4ndchen besch\u00e4digt sein sollte, wendet euch an das Sicherheitspersonal am Haupteingang. Verlorene Einlassb\u00e4nder werden nicht ersetzt.<\/p>\n<p>Mit dem Ausschluss von der Veranstaltung verliert die Eintrittskarte und das Einlassband die G\u00fcltigkeit. Ein Anspruch auf erneuten Einlass oder auf R\u00fcckerstattung des Kaufpreises besteht nicht.<\/p>\n<h4>Vorverkauf<\/h4>\n<p>&#8230;<br \/>\nDiese Tickets sind nicht personalisiert und k\u00f6nnen ohne Umst\u00e4nde weitergegeben werden.<br \/>\nAm Einlass wird euer g\u00fcltiges Vorverkauf-Ticket gegen ein Einlassband zur Veranstaltung getauscht.<\/p>\n<h4><strong>Anreise<\/strong><\/h4>\n<p>Bei Anreise mit dem \u00d6PNV nutzt die Bushaltestelle \u201eReutlingen &#8211; Hochschulen\u201c, erreichbar mit den Buslinien 4 oder 11, ab \u201eReutlingen \u2013 Stadtmitte\u201c<\/p>\n<p>&nbsp;<\/p>\n<p>Bei Anreise mit dem PKW nutzt bitte die Parkpl\u00e4tze der Hochschule Reutlingen, die \u00fcber die Alteburgstra\u00dfe zu erreichen sind.<\/p>\n<p>Auf dem gesamten Hochschulgel\u00e4nde gilt die Stra\u00dfenverkehrsordnung.<br \/>\nWildes Parken ist untersagt. Fahrzeuge d\u00fcrfe nur auf den gekennzeichneten Parkfl\u00e4chen abgestellt werden.<br \/>\nF\u00fcr Sch\u00e4den, Verletzungen und Diebstahl am Parkplatz wird keine Haftung durch den Veranstalter \u00fcbernommen. Es erfolgt keine \u00dcberwachung der Parkfl\u00e4chen.<\/p>\n<p>Die Flucht- und Rettungswege sind auch auf dem Parkplatz immer freizuhalten.<\/p>\n<p>Au\u00dferhalb der gekennzeichneten Parkfl\u00e4chen drohen empfindliche Strafen.<br \/>\nDurch die Hochschule Reutlingen ist ein Abschleppdienst beauftragt, der alle falsch parkenden PKW konsequent abschleppt. Die Kosten hierf\u00fcr tr\u00e4gt der Fahrzeughalter.<\/p>\n<h4><strong>Barrierefreiheit<\/strong><\/h4>\n<p>Auf dem Gel\u00e4nde findet ihr rollstuhlgerechte Toiletten.<\/p>\n<p>Falls ihr auf den Rollstuhl angewiesen seid, oder auf andere Wei\u00dfe auf Unterst\u00fctzung angewiesen seid, z.B. einen Blindenhund, k\u00f6nnt ihr uns im Vorfeld kontaktieren.<\/p>\n<h4><strong>Haustiere<\/strong><\/h4>\n<p>Tut euren Haustieren einen Gefallen und lasst diese zu Hause. Die CaIPi-Night ist kein Ort f\u00fcr Haustiere. Ausnahmen gelten f\u00fcr Blindenhunde.<\/p>\n<h4><strong>Nachhaltigkeit<\/strong><\/h4>\n<p>Wir m\u00f6chten die Menge an Glasflaschen und M\u00fcll gerne auf ein Minimum reduzieren, um die Verletzungsgefahr und das M\u00fcllaufkommen m\u00f6glichst klein zu halten. Deswegen nutzen umweltfreundliche, und verletzungssichere Kunststoff-Mehrwegbecher. Wir bitten euch die Becher nach dem Austrinken auch wieder an unseren Bars zur\u00fcckzugeben und diese nicht im Au\u00dfenbereich in die Gr\u00fcnanlagen zu werfen.<\/p>\n<h4><strong>Fotografieren &amp; Bildrechte<\/strong><\/h4>\n<p>Fotografieren mit nicht-professionellem Equipment, wie Handykameras oder Kleinbildkameras ist erlaubt. Kameras mit Wechselobjektiven sind nicht gestattet.<\/p>\n<p>Der Besucher r\u00e4umt den Veranstaltern, durch Betreten der Veranstaltung, das Recht ein, auf Fotos und\/oder Filmmaterial festgehalten werden zu k\u00f6nnen. Der Besucher erkl\u00e4rt sich damit einverstanden, dass dieses Material ohne jegliche zeitliche, \u00f6rtliche und inhaltliche Einschr\u00e4nkung von den Veranstaltern im Internet, in Druckwerken und anderen Medien, auch f\u00fcr Werbezwecke ohne zeitliche Begrenzung ver\u00f6ffentlicht werden darf. Der Besucher hat keinen Anspruch auf die Bildrechte von Aufnahmen, die im Zusammenhang mit der Veranstaltung vom Veranstalter oder dessen beauftragte Personen fotografiert oder gefilmt werden und auf denen er zu erkennen ist.<\/p>\n<p>&nbsp;<\/p>\n","protected":false},"excerpt":{"rendered":"<p>Terms and Conditions &nbsp; Lieber Besucher, Wir arbeiten jedes Semester daran, damit uns allen die CaIPi-Night in guter Erinnerung bleibt. Aber es gibt ein paar Dinge, die ihr selber machen k\u00f6nnt, damit die CaIPi-Night unvergesslich wird. Diese Veranstaltungsordnung bestimmt die Rechte und Pflichten der Besucher der CaIPi-Night w\u00e4hrend ihres Aufenthalts. &nbsp; Veranstalter Die CaIPi-Night ist [&hellip;]<\/p>\n","protected":false},"author":2,"featured_media":0,"parent":0,"menu_order":0,"comment_status":"closed","ping_status":"closed","template":"","meta":[],"_links":{"self":[{"href":"https:\/\/caipi-night.de\/index.php?rest_route=\/wp\/v2\/pages\/678"}],"collection":[{"href":"https:\/\/caipi-night.de\/index.php?rest_route=\/wp\/v2\/pages"}],"about":[{"href":"https:\/\/caipi-night.de\/index.php?rest_route=\/wp\/v2\/types\/page"}],"author":[{"embeddable":true,"href":"https:\/\/caipi-night.de\/index.php?rest_route=\/wp\/v2\/users\/2"}],"replies":[{"embeddable":true,"href":"https:\/\/caipi-night.de\/index.php?rest_route=%2Fwp%2Fv2%2Fcomments&post=678"}],"version-history":[{"count":0,"href":"https:\/\/caipi-night.de\/index.php?rest_route=\/wp\/v2\/pages\/678\/revisions"}],"wp:attachment":[{"href":"https:\/\/caipi-night.de\/index.php?rest_route=%2Fwp%2Fv2%2Fmedia&parent=678"}],"curies":[{"name":"wp","href":"https:\/\/api.w.org\/{rel}","templated":true}]}}